{"id":1522,"date":"2020-11-22T21:53:41","date_gmt":"2020-11-22T20:53:41","guid":{"rendered":"https:\/\/nonaoslo.com\/?post_type=product&#038;p=1522"},"modified":"2026-03-30T22:49:48","modified_gmt":"2026-03-30T20:49:48","slug":"nona-oslo-hettegenser-100-organisk-bomull","status":"publish","type":"product","link":"https:\/\/nonaoslo.com\/en\/shop\/hoodie\/nona-oslo-hettegenser-100-organisk-bomull\/","title":{"rendered":"Lemon towel hoodie"},"content":{"rendered":"<p class=\"translation-block\">100% Organic cotton\u2028<br>\nNONA embroidery on chest<br>\n\u2028N embroidery on right wrist<br>\n\u2028Metal endings on drawcord\u2028<br>\nTowel fabric outside<br>\n\u2028Brushed soft inside\u2028<br>\nMade in Portugal<\/p>\n<p class=\"translation-block\">Unisex sizing.<br>\n\u2028We recommend male going up a size to get the loose and comfy fit.\u2028<br>\nFemale sizing fits normal loose.<br><\/p>\n<p>Herre model er 176cm og bruker st\u00f8rrelse L<br \/>\nMale model is 175cm and wears size L <br>\nfemale model is 168cm an wears size XS<\/p>","protected":false},"excerpt":{"rendered":"<p>Super digg hettegenser i h\u00e5ndklestoff av 100% organisk bomull.<br \/>\nB\u00f8rstet p\u00e5 innsiden for en digg f\u00f8lelse rett p\u00e5 huden<\/p>\n<p>Produsert i Portugal<\/p>","protected":false},"featured_media":1733,"comment_status":"open","ping_status":"closed","template":"","meta":{"_coblocks_attr":"","_coblocks_dimensions":"","_coblocks_responsive_height":"","_coblocks_accordion_ie_support":"","_crdt_document":"","neve_meta_sidebar":"","neve_meta_container":"","neve_meta_enable_content_width":"off","neve_meta_content_width":100,"neve_meta_title_alignment":"","neve_meta_author_avatar":"","neve_post_elements_order":"","neve_meta_disable_header":"","neve_meta_disable_footer":"","neve_meta_disable_title":"","jetpack_post_was_ever_published":false,"jetpack_publicize_message":"","jetpack_publicize_feature_enabled":true,"jetpack_social_post_already_shared":false,"jetpack_social_options":{"image_generator_settings":{"template":"highway","default_image_id":0,"font":"","enabled":false},"version":2},"_wpas_customize_per_network":false},"product_brand":[],"product_cat":[126868],"product_tag":[],"class_list":{"0":"post-1522","1":"product","2":"type-product","3":"status-publish","4":"has-post-thumbnail","6":"product_cat-hoodie","8":"first","9":"instock","10":"sale","11":"purchasable","12":"product-type-variable"},"yoast_head":"<!-- This site is optimized with the Yoast SEO plugin v27.3 - https:\/\/yoast.com\/product\/yoast-seo-wordpress\/ -->\n<title>Hettegenser i sitron - NONA<\/title>\n<meta name=\"description\" content=\"Hettegenser av 100% Organisk bomull med brodering p\u00e5 bryst og h\u00f8yre h\u00e5ndledd. H\u00e5ndklestoff p\u00e5 utsiden og b\u00f8rstet supermyk p\u00e5 innsiden. Produsert i Portugal\" \/>\n<meta name=\"robots\" content=\"index, follow, max-snippet:-1, max-image-preview:large, max-video-preview:-1\" \/>\n<link rel=\"canonical\" href=\"https:\/\/nonaoslo.com\/en\/shop\/hoodie\/nona-oslo-hettegenser-100-organisk-bomull\/\" \/>\n<meta property=\"og:locale\" content=\"en_US\" \/>\n<meta property=\"og:type\" content=\"article\" \/>\n<meta property=\"og:title\" content=\"Hettegenser i sitron - NONA\" \/>\n<meta property=\"og:description\" content=\"Hettegenser av 100% Organisk bomull med brodering p\u00e5 bryst og h\u00f8yre h\u00e5ndledd. H\u00e5ndklestoff p\u00e5 utsiden og b\u00f8rstet supermyk p\u00e5 innsiden. Produsert i Portugal\" \/>\n<meta property=\"og:url\" content=\"https:\/\/nonaoslo.com\/en\/shop\/hoodie\/nona-oslo-hettegenser-100-organisk-bomull\/\" \/>\n<meta property=\"og:site_name\" content=\"NONA\" \/>\n<meta property=\"article:publisher\" content=\"https:\/\/www.facebook.com\/profile.php?id=100063539110148\" \/>\n<meta property=\"article:modified_time\" content=\"2026-03-30T20:49:48+00:00\" \/>\n<meta property=\"og:image\" content=\"https:\/\/nonaoslo.com\/wp-content\/uploads\/2020\/11\/chosen-nona-21-746x1024.jpg\" \/>\n\t<meta property=\"og:image:width\" content=\"746\" \/>\n\t<meta property=\"og:image:height\" content=\"1024\" \/>\n\t<meta property=\"og:image:type\" content=\"image\/jpeg\" \/>\n<meta name=\"twitter:card\" content=\"summary_large_image\" \/>\n<meta name=\"twitter:label1\" content=\"Est. reading time\" \/>\n\t<meta name=\"twitter:data1\" content=\"1 minute\" \/>\n<script type=\"application\/ld+json\" class=\"yoast-schema-graph\">{\"@context\":\"https:\\\/\\\/schema.org\",\"@graph\":[{\"@type\":\"WebPage\",\"@id\":\"https:\\\/\\\/nonaoslo.com\\\/shop\\\/hoodie\\\/nona-oslo-hettegenser-100-organisk-bomull\\\/\",\"url\":\"https:\\\/\\\/nonaoslo.com\\\/shop\\\/hoodie\\\/nona-oslo-hettegenser-100-organisk-bomull\\\/\",\"name\":\"Hettegenser i sitron - NONA\",\"isPartOf\":{\"@id\":\"https:\\\/\\\/nonaoslo.com\\\/#website\"},\"primaryImageOfPage\":{\"@id\":\"https:\\\/\\\/nonaoslo.com\\\/shop\\\/hoodie\\\/nona-oslo-hettegenser-100-organisk-bomull\\\/#primaryimage\"},\"image\":{\"@id\":\"https:\\\/\\\/nonaoslo.com\\\/shop\\\/hoodie\\\/nona-oslo-hettegenser-100-organisk-bomull\\\/#primaryimage\"},\"thumbnailUrl\":\"https:\\\/\\\/i0.wp.com\\\/nonaoslo.com\\\/wp-content\\\/uploads\\\/2020\\\/11\\\/chosen-nona-21.jpg?fit=4480%2C6148&ssl=1\",\"datePublished\":\"2020-11-22T20:53:41+00:00\",\"dateModified\":\"2026-03-30T20:49:48+00:00\",\"description\":\"Hettegenser av 100% Organisk bomull med brodering p\u00e5 bryst og h\u00f8yre h\u00e5ndledd. H\u00e5ndklestoff p\u00e5 utsiden og b\u00f8rstet supermyk p\u00e5 innsiden. Produsert i Portugal\",\"breadcrumb\":{\"@id\":\"https:\\\/\\\/nonaoslo.com\\\/shop\\\/hoodie\\\/nona-oslo-hettegenser-100-organisk-bomull\\\/#breadcrumb\"},\"inLanguage\":\"en-US\",\"potentialAction\":[{\"@type\":\"ReadAction\",\"target\":[\"https:\\\/\\\/nonaoslo.com\\\/shop\\\/hoodie\\\/nona-oslo-hettegenser-100-organisk-bomull\\\/\"]}]},{\"@type\":\"ImageObject\",\"inLanguage\":\"en-US\",\"@id\":\"https:\\\/\\\/nonaoslo.com\\\/shop\\\/hoodie\\\/nona-oslo-hettegenser-100-organisk-bomull\\\/#primaryimage\",\"url\":\"https:\\\/\\\/i0.wp.com\\\/nonaoslo.com\\\/wp-content\\\/uploads\\\/2020\\\/11\\\/chosen-nona-21.jpg?fit=4480%2C6148&ssl=1\",\"contentUrl\":\"https:\\\/\\\/i0.wp.com\\\/nonaoslo.com\\\/wp-content\\\/uploads\\\/2020\\\/11\\\/chosen-nona-21.jpg?fit=4480%2C6148&ssl=1\",\"width\":4480,\"height\":6148},{\"@type\":\"BreadcrumbList\",\"@id\":\"https:\\\/\\\/nonaoslo.com\\\/shop\\\/hoodie\\\/nona-oslo-hettegenser-100-organisk-bomull\\\/#breadcrumb\",\"itemListElement\":[{\"@type\":\"ListItem\",\"position\":1,\"name\":\"Produkter\",\"item\":\"https:\\\/\\\/nonaoslo.com\\\/shop\\\/\"},{\"@type\":\"ListItem\",\"position\":2,\"name\":\"Hettegenser i sitron\"}]},{\"@type\":\"WebSite\",\"@id\":\"https:\\\/\\\/nonaoslo.com\\\/#website\",\"url\":\"https:\\\/\\\/nonaoslo.com\\\/\",\"name\":\"NONA\",\"description\":\"\",\"publisher\":{\"@id\":\"https:\\\/\\\/nonaoslo.com\\\/#organization\"},\"alternateName\":\"Nonaoslo\",\"potentialAction\":[{\"@type\":\"SearchAction\",\"target\":{\"@type\":\"EntryPoint\",\"urlTemplate\":\"https:\\\/\\\/nonaoslo.com\\\/?s={search_term_string}\"},\"query-input\":{\"@type\":\"PropertyValueSpecification\",\"valueRequired\":true,\"valueName\":\"search_term_string\"}}],\"inLanguage\":\"en-US\"},{\"@type\":\"Organization\",\"@id\":\"https:\\\/\\\/nonaoslo.com\\\/#organization\",\"name\":\"NONA AS\",\"alternateName\":\"Nonaoslo\",\"url\":\"https:\\\/\\\/nonaoslo.com\\\/\",\"logo\":{\"@type\":\"ImageObject\",\"inLanguage\":\"en-US\",\"@id\":\"https:\\\/\\\/nonaoslo.com\\\/#\\\/schema\\\/logo\\\/image\\\/\",\"url\":\"https:\\\/\\\/i0.wp.com\\\/nonaoslo.com\\\/wp-content\\\/uploads\\\/2020\\\/11\\\/n-logo-13.jpg?fit=3370%2C2384&ssl=1\",\"contentUrl\":\"https:\\\/\\\/i0.wp.com\\\/nonaoslo.com\\\/wp-content\\\/uploads\\\/2020\\\/11\\\/n-logo-13.jpg?fit=3370%2C2384&ssl=1\",\"width\":3370,\"height\":2384,\"caption\":\"NONA AS\"},\"image\":{\"@id\":\"https:\\\/\\\/nonaoslo.com\\\/#\\\/schema\\\/logo\\\/image\\\/\"},\"sameAs\":[\"https:\\\/\\\/www.facebook.com\\\/profile.php?id=100063539110148\",\"https:\\\/\\\/www.instagram.com\\\/nonaoslo\"]}]}<\/script>\n<!-- \/ Yoast SEO plugin. -->","yoast_head_json":{"title":"Hettegenser i sitron - NONA","description":"Hettegenser av 100% Organisk bomull med brodering p\u00e5 bryst og h\u00f8yre h\u00e5ndledd. H\u00e5ndklestoff p\u00e5 utsiden og b\u00f8rstet supermyk p\u00e5 innsiden. Produsert i Portugal","robots":{"index":"index","follow":"follow","max-snippet":"max-snippet:-1","max-image-preview":"max-image-preview:large","max-video-preview":"max-video-preview:-1"},"canonical":"https:\/\/nonaoslo.com\/en\/shop\/hoodie\/nona-oslo-hettegenser-100-organisk-bomull\/","og_locale":"en_US","og_type":"article","og_title":"Hettegenser i sitron - NONA","og_description":"Hettegenser av 100% Organisk bomull med brodering p\u00e5 bryst og h\u00f8yre h\u00e5ndledd. H\u00e5ndklestoff p\u00e5 utsiden og b\u00f8rstet supermyk p\u00e5 innsiden. Produsert i Portugal","og_url":"https:\/\/nonaoslo.com\/en\/shop\/hoodie\/nona-oslo-hettegenser-100-organisk-bomull\/","og_site_name":"NONA","article_publisher":"https:\/\/www.facebook.com\/profile.php?id=100063539110148","article_modified_time":"2026-03-30T20:49:48+00:00","og_image":[{"width":746,"height":1024,"url":"https:\/\/nonaoslo.com\/wp-content\/uploads\/2020\/11\/chosen-nona-21-746x1024.jpg","type":"image\/jpeg"}],"twitter_card":"summary_large_image","twitter_misc":{"Est. reading time":"1 minute"},"schema":{"@context":"https:\/\/schema.org","@graph":[{"@type":"WebPage","@id":"https:\/\/nonaoslo.com\/shop\/hoodie\/nona-oslo-hettegenser-100-organisk-bomull\/","url":"https:\/\/nonaoslo.com\/shop\/hoodie\/nona-oslo-hettegenser-100-organisk-bomull\/","name":"Hettegenser i sitron - NONA","isPartOf":{"@id":"https:\/\/nonaoslo.com\/#website"},"primaryImageOfPage":{"@id":"https:\/\/nonaoslo.com\/shop\/hoodie\/nona-oslo-hettegenser-100-organisk-bomull\/#primaryimage"},"image":{"@id":"https:\/\/nonaoslo.com\/shop\/hoodie\/nona-oslo-hettegenser-100-organisk-bomull\/#primaryimage"},"thumbnailUrl":"https:\/\/i0.wp.com\/nonaoslo.com\/wp-content\/uploads\/2020\/11\/chosen-nona-21.jpg?fit=4480%2C6148&ssl=1","datePublished":"2020-11-22T20:53:41+00:00","dateModified":"2026-03-30T20:49:48+00:00","description":"Hettegenser av 100% Organisk bomull med brodering p\u00e5 bryst og h\u00f8yre h\u00e5ndledd. H\u00e5ndklestoff p\u00e5 utsiden og b\u00f8rstet supermyk p\u00e5 innsiden. Produsert i Portugal","breadcrumb":{"@id":"https:\/\/nonaoslo.com\/shop\/hoodie\/nona-oslo-hettegenser-100-organisk-bomull\/#breadcrumb"},"inLanguage":"en-US","potentialAction":[{"@type":"ReadAction","target":["https:\/\/nonaoslo.com\/shop\/hoodie\/nona-oslo-hettegenser-100-organisk-bomull\/"]}]},{"@type":"ImageObject","inLanguage":"en-US","@id":"https:\/\/nonaoslo.com\/shop\/hoodie\/nona-oslo-hettegenser-100-organisk-bomull\/#primaryimage","url":"https:\/\/i0.wp.com\/nonaoslo.com\/wp-content\/uploads\/2020\/11\/chosen-nona-21.jpg?fit=4480%2C6148&ssl=1","contentUrl":"https:\/\/i0.wp.com\/nonaoslo.com\/wp-content\/uploads\/2020\/11\/chosen-nona-21.jpg?fit=4480%2C6148&ssl=1","width":4480,"height":6148},{"@type":"BreadcrumbList","@id":"https:\/\/nonaoslo.com\/shop\/hoodie\/nona-oslo-hettegenser-100-organisk-bomull\/#breadcrumb","itemListElement":[{"@type":"ListItem","position":1,"name":"Produkter","item":"https:\/\/nonaoslo.com\/shop\/"},{"@type":"ListItem","position":2,"name":"Hettegenser i sitron"}]},{"@type":"WebSite","@id":"https:\/\/nonaoslo.com\/#website","url":"https:\/\/nonaoslo.com\/","name":"NONA","description":"","publisher":{"@id":"https:\/\/nonaoslo.com\/#organization"},"alternateName":"Nonaoslo","potentialAction":[{"@type":"SearchAction","target":{"@type":"EntryPoint","urlTemplate":"https:\/\/nonaoslo.com\/?s={search_term_string}"},"query-input":{"@type":"PropertyValueSpecification","valueRequired":true,"valueName":"search_term_string"}}],"inLanguage":"en-US"},{"@type":"Organization","@id":"https:\/\/nonaoslo.com\/#organization","name":"NONA AS","alternateName":"Nonaoslo","url":"https:\/\/nonaoslo.com\/","logo":{"@type":"ImageObject","inLanguage":"en-US","@id":"https:\/\/nonaoslo.com\/#\/schema\/logo\/image\/","url":"https:\/\/i0.wp.com\/nonaoslo.com\/wp-content\/uploads\/2020\/11\/n-logo-13.jpg?fit=3370%2C2384&ssl=1","contentUrl":"https:\/\/i0.wp.com\/nonaoslo.com\/wp-content\/uploads\/2020\/11\/n-logo-13.jpg?fit=3370%2C2384&ssl=1","width":3370,"height":2384,"caption":"NONA AS"},"image":{"@id":"https:\/\/nonaoslo.com\/#\/schema\/logo\/image\/"},"sameAs":["https:\/\/www.facebook.com\/profile.php?id=100063539110148","https:\/\/www.instagram.com\/nonaoslo"]}]}},"jetpack_publicize_connections":[],"jetpack_likes_enabled":true,"jetpack_sharing_enabled":true,"_links":{"self":[{"href":"https:\/\/nonaoslo.com\/en\/wp-json\/wp\/v2\/product\/1522","targetHints":{"allow":["GET"]}}],"collection":[{"href":"https:\/\/nonaoslo.com\/en\/wp-json\/wp\/v2\/product"}],"about":[{"href":"https:\/\/nonaoslo.com\/en\/wp-json\/wp\/v2\/types\/product"}],"replies":[{"embeddable":true,"href":"https:\/\/nonaoslo.com\/en\/wp-json\/wp\/v2\/comments?post=1522"}],"version-history":[{"count":15,"href":"https:\/\/nonaoslo.com\/en\/wp-json\/wp\/v2\/product\/1522\/revisions"}],"predecessor-version":[{"id":2981,"href":"https:\/\/nonaoslo.com\/en\/wp-json\/wp\/v2\/product\/1522\/revisions\/2981"}],"wp:featuredmedia":[{"embeddable":true,"href":"https:\/\/nonaoslo.com\/en\/wp-json\/wp\/v2\/media\/1733"}],"wp:attachment":[{"href":"https:\/\/nonaoslo.com\/en\/wp-json\/wp\/v2\/media?parent=1522"}],"wp:term":[{"taxonomy":"product_brand","embeddable":true,"href":"https:\/\/nonaoslo.com\/en\/wp-json\/wp\/v2\/product_brand?post=1522"},{"taxonomy":"product_cat","embeddable":true,"href":"https:\/\/nonaoslo.com\/en\/wp-json\/wp\/v2\/product_cat?post=1522"},{"taxonomy":"product_tag","embeddable":true,"href":"https:\/\/nonaoslo.com\/en\/wp-json\/wp\/v2\/product_tag?post=1522"}],"curies":[{"name":"wp","href":"https:\/\/api.w.org\/{rel}","templated":true}]}}